{"id":2601,"date":"2021-08-03T18:43:04","date_gmt":"2021-08-03T16:43:04","guid":{"rendered":"https:\/\/www.litigation.rocks\/?page_id=2601"},"modified":"2023-11-17T18:33:40","modified_gmt":"2023-11-17T16:33:40","slug":"list-of-publications","status":"publish","type":"page","link":"https:\/\/www.litigation.rocks\/en\/lawyers\/sebastian-laoutoumai\/list-of-publications\/","title":{"rendered":"Publications and Lectures Laoutoumai"},"content":{"rendered":"<section class=\"wpb-content-wrapper\"><p>[vc_row css_animation=&#8221;&#8221; row_type=&#8221;row&#8221; use_row_as_full_screen_section=&#8221;no&#8221; type=&#8221;full_width&#8221; angled_section=&#8221;no&#8221; text_align=&#8221;right&#8221; background_image_as_pattern=&#8221;without_pattern&#8221; css=&#8221;.vc_custom_1469623949513{padding-bottom: 20px !important;}&#8221;][vc_column css=&#8221;.vc_custom_1469623957942{margin-right: 0px !important;padding-right: 0px !important;}&#8221;]<a  itemprop=\"url\" href=\"https:\/\/www.litigation.rocks\/anwaelte\/sebastian-laoutoumai\/\" target=\"_self\"  class=\"qbutton  medium default\" style=\"\">Back to profile of Sebastian Laoutoumai<\/a>[\/vc_column][\/vc_row][vc_row css_animation=&#8221;&#8221; row_type=&#8221;row&#8221; use_row_as_full_screen_section=&#8221;no&#8221; type=&#8221;full_width&#8221; angled_section=&#8221;no&#8221; text_align=&#8221;left&#8221; background_image_as_pattern=&#8221;without_pattern&#8221; background_color=&#8221;#f7f7f7&#8243; css=&#8221;.vc_custom_1601894232727{margin-bottom: 30px !important;padding-top: 35px !important;padding-right: 25px !important;padding-bottom: 75px !important;padding-left: 25px !important;}&#8221;][vc_column][vc_column_text]<\/p>\n<h4>LIST OF PUBLICATIONS AND LECTURES<\/h4>\n<p>\u00bb <a href=\"https:\/\/www.beck-shop.de\/gerecke-handbuch-social-media-recht\/product\/33783338?adword=google-shopping&amp;gad_source=1&amp;gclid=Cj0KCQjwhfipBhCqARIsAH9msbkAIYZohtAjWgvBSQOJGJ0m3FlTvBhQedWJYrqZqa0GzUvpgrC8ScsaAmjAEALw_wcB\">Handbuch Social-Mediarecht<\/a> \u2013 Kap. Influencer Marketing<br \/>\n\u00bb <a href=\"https:\/\/www.beck-shop.de\/conrad-gruenewald-kalscheuer-milker-handbuch-oeffentlich-rechtliches-aeusserungsrecht\/product\/33885978?adword=google-shopping&amp;gad_source=1&amp;gclid=Cj0KCQjwhfipBhCqARIsAH9msbkI2sJEYGBtOLqChN1CKDzNx0H2gk8Bl3erchrRIbrswkZkQ4RK-8waArxdEALw_wcB\">Handbuch \u00d6ffentlich-rechtliches \u00c4u\u00dferungsrecht<\/a> \u2013 Kap. Werbung uns sonstige Postivinformationen<br \/>\n\u00bb Digital Escrow \u2013 Kapitel \u201eZivilprozessuale Besonderheiten\u201c, C.H. Beck, Praxishandbuch<br \/>\n\u00bb Unterlassungsanspruch nach DSGVO-Versto\u00df, GRUR-Prax 2022, 321<br \/>\n\u00bb Zur zivilrechtlichen Au\u00dfenhaftung von GmbH-Gesch\u00e4ftsf\u00fchrern bei Datenschutzverst\u00f6\u00dfen, AnwZert HaGesR 2\/2022, Anm. 2<br \/>\n\u00bb Weigerungsrecht des datenschutzrechtlich Verantwortlichen im Falle verordnungsfremder Motive hinter einem Auskunftsersuchen, jurisPR-ITR 10\/2022, Anm. 4<br \/>\n\u00bb Unzul\u00e4ssige Datenverarbeitung nach Beendigung eines Arbeitsverh\u00e4ltnisses, jurisPR-ITR 11\/2022, Anm. 6<br \/>\n\u00bb Schadensbemessung bei Datenschutzverst\u00f6\u00dfen, K&amp;R 2022, 25<br \/>\n\u00bb Anlageempfehlungen und Finanztipps von sog. \u201eFinfluencern\u201c (mit Matondo Cobe), WRP 2022, 290<br \/>\n\u00bb Privacy Litigation \u2013 Datenschutzrechtliche Anspr\u00fcche durchsetzen und Verteidigen, dfv Mediengruppe, Praxishandbuch<br \/>\n\u00bb Gerichtsstand bei Wettbewerbsverst\u00f6\u00dfen in eCommerce und Telemedien, Computer &amp; Recht (CR 2021, 342 ff.), Aufsatz<br \/>\n\u00bb Rechtssicher im Influencer-Marketing \u2013 Die aktuelle Rechtslage mit vielen Pr\u00e4zedenzf\u00e4llen und Handlungsempfehlungen, t3n, Praxisguide<br \/>\n\u00bb Umfang und Einschr\u00e4nkung des Auskunftsanspruch nach Art. 15 DSGVO, juris-Praxisreport IT-Recht (jurisPR-ITR 22\/2020, Anm. 6), Aufsatz<br \/>\n\u00bb Zu den Voraussetzungen eines Anspruches auf Ersatz immaterieller Sch\u00e4den nach Art. 82 DSGVO, juris Praxisreport IT-Recht (jurisPR-ITR 23\/2020, Anm. 4), Aufsatz<br \/>\n\u00bb Haftung des Unternehmens f\u00fcr Werbeverst\u00f6\u00dfe von eingesetzten Influencern, Anwalt-Zertifikat Online Handels- und Gesellschaftsrecht (AnwZert HaGesR 14\/2019, Anm. 1), Aufsatz<br \/>\n\u00bb Ausgew\u00e4hlte Rechtsfragen zu Bewertungsportalen (Teil 1): Die Haftung des Portalbetreibers f\u00fcr rechtsverletzende Inhalte, Anwalt-Zertifikat Online IT-Recht (AnwZert ITR 13\/2019, Anm. 3), Aufsatz<br \/>\n\u00bb Ausgew\u00e4hlte Rechtsfragen zu Bewertungsportalen (Teil 2): Die Haftung f\u00fcr Fake-Bewertungen, Anwalt-Zertifikat Online IT-Recht (AnwZert ITR 17\/2019, Anm. 3), Aufsatz<br \/>\n\u00bb Besteht ein Restore-Anspruch bei #twittersperrt? Kommunikation &amp; Recht (K&amp;R 2019, 447 ff.), Aufsatz[\/vc_column_text][\/vc_column][\/vc_row][vc_row css_animation=&#8221;&#8221; row_type=&#8221;row&#8221; use_row_as_full_screen_section=&#8221;no&#8221; type=&#8221;full_width&#8221; angled_section=&#8221;no&#8221; text_align=&#8221;left&#8221; background_image_as_pattern=&#8221;without_pattern&#8221;][vc_column][vc_column_text]<\/p>\n<p>[\/vc_column_text][\/vc_column][\/vc_row]<\/p>\n<\/section>","protected":false},"excerpt":{"rendered":"<p>[vc_row css_animation=&#8221;&#8221; row_type=&#8221;row&#8221; use_row_as_full_screen_section=&#8221;no&#8221; type=&#8221;full_width&#8221; angled_section=&#8221;no&#8221; text_align=&#8221;right&#8221; background_image_as_pattern=&#8221;without_pattern&#8221; css=&#8221;.vc_custom_1469623949513{padding-bottom: 20px !important;}&#8221;][vc_column css=&#8221;.vc_custom_1469623957942{margin-right: 0px !important;padding-right: 0px !important;}&#8221;][\/vc_column][\/vc_row][vc_row css_animation=&#8221;&#8221; row_type=&#8221;row&#8221; use_row_as_full_screen_section=&#8221;no&#8221; type=&#8221;full_width&#8221; angled_section=&#8221;no&#8221; text_align=&#8221;left&#8221; background_image_as_pattern=&#8221;without_pattern&#8221; background_color=&#8221;#f7f7f7&#8243; css=&#8221;.vc_custom_1601894232727{margin-bottom: 30px !important;padding-top: 35px !important;padding-right: 25px !important;padding-bottom: 75px !important;padding-left: 25px !important;}&#8221;][vc_column][vc_column_text] LIST OF PUBLICATIONS AND LECTURES \u00bb Handbuch Social-Mediarecht \u2013 Kap&#8230;.<\/p>\n","protected":false},"author":3,"featured_media":0,"parent":2463,"menu_order":0,"comment_status":"closed","ping_status":"closed","template":"","meta":{"footnotes":""},"class_list":["post-2601","page","type-page","status-publish","hentry"],"yoast_head":"<!-- This site is optimized with the Yoast SEO plugin v21.1 - https:\/\/yoast.com\/wordpress\/plugins\/seo\/ -->\n<title>Publications and Lectures Laoutoumai - L\u00f6ffel Abrar Blog<\/title>\n<meta name=\"robots\" content=\"index, follow, max-snippet:-1, max-image-preview:large, max-video-preview:-1\" \/>\n<link rel=\"canonical\" href=\"https:\/\/www.litigation.rocks\/en\/lawyers\/sebastian-laoutoumai\/list-of-publications\/\" \/>\n<meta property=\"og:locale\" content=\"en_US\" \/>\n<meta property=\"og:type\" content=\"article\" \/>\n<meta property=\"og:title\" content=\"Publications and Lectures Laoutoumai - L\u00f6ffel Abrar Blog\" \/>\n<meta property=\"og:description\" content=\"[vc_row css_animation=&#8221;&#8221; row_type=&#8221;row&#8221; use_row_as_full_screen_section=&#8221;no&#8221; type=&#8221;full_width&#8221; angled_section=&#8221;no&#8221; text_align=&#8221;right&#8221; background_image_as_pattern=&#8221;without_pattern&#8221; css=&#8221;.vc_custom_1469623949513{padding-bottom: 20px !important;}&#8221;][vc_column css=&#8221;.vc_custom_1469623957942{margin-right: 0px !important;padding-right: 0px !important;}&#8221;][\/vc_column][\/vc_row][vc_row css_animation=&#8221;&#8221; row_type=&#8221;row&#8221; use_row_as_full_screen_section=&#8221;no&#8221; type=&#8221;full_width&#8221; angled_section=&#8221;no&#8221; text_align=&#8221;left&#8221; background_image_as_pattern=&#8221;without_pattern&#8221; background_color=&#8221;#f7f7f7&#8243; css=&#8221;.vc_custom_1601894232727{margin-bottom: 30px !important;padding-top: 35px !important;padding-right: 25px !important;padding-bottom: 75px !important;padding-left: 25px !important;}&#8221;][vc_column][vc_column_text] LIST OF PUBLICATIONS AND LECTURES \u00bb Handbuch Social-Mediarecht \u2013 Kap....\" \/>\n<meta property=\"og:url\" content=\"https:\/\/www.litigation.rocks\/en\/lawyers\/sebastian-laoutoumai\/list-of-publications\/\" \/>\n<meta property=\"og:site_name\" content=\"L\u00f6ffel Abrar Blog\" \/>\n<meta property=\"article:modified_time\" content=\"2023-11-17T16:33:40+00:00\" \/>\n<meta name=\"twitter:card\" content=\"summary_large_image\" \/>\n<meta name=\"twitter:label1\" content=\"Est. reading time\" \/>\n\t<meta name=\"twitter:data1\" content=\"2 minutes\" \/>\n<script type=\"application\/ld+json\" class=\"yoast-schema-graph\">{\"@context\":\"https:\/\/schema.org\",\"@graph\":[{\"@type\":\"WebPage\",\"@id\":\"https:\/\/www.litigation.rocks\/en\/lawyers\/sebastian-laoutoumai\/list-of-publications\/\",\"url\":\"https:\/\/www.litigation.rocks\/en\/lawyers\/sebastian-laoutoumai\/list-of-publications\/\",\"name\":\"Publications and Lectures Laoutoumai - L\u00f6ffel Abrar Blog\",\"isPartOf\":{\"@id\":\"https:\/\/www.litigation.rocks\/#website\"},\"datePublished\":\"2021-08-03T16:43:04+00:00\",\"dateModified\":\"2023-11-17T16:33:40+00:00\",\"breadcrumb\":{\"@id\":\"https:\/\/www.litigation.rocks\/en\/lawyers\/sebastian-laoutoumai\/list-of-publications\/#breadcrumb\"},\"inLanguage\":\"en-US\",\"potentialAction\":[{\"@type\":\"ReadAction\",\"target\":[\"https:\/\/www.litigation.rocks\/en\/lawyers\/sebastian-laoutoumai\/list-of-publications\/\"]}]},{\"@type\":\"BreadcrumbList\",\"@id\":\"https:\/\/www.litigation.rocks\/en\/lawyers\/sebastian-laoutoumai\/list-of-publications\/#breadcrumb\",\"itemListElement\":[{\"@type\":\"ListItem\",\"position\":1,\"name\":\"Startseite\",\"item\":\"https:\/\/www.litigation.rocks\/en\/\"},{\"@type\":\"ListItem\",\"position\":2,\"name\":\"Lawyers\",\"item\":\"https:\/\/www.litigation.rocks\/en\/lawyers\/\"},{\"@type\":\"ListItem\",\"position\":3,\"name\":\"Sebastian Laoutoumai\",\"item\":\"https:\/\/www.litigation.rocks\/en\/lawyers\/sebastian-laoutoumai\/\"},{\"@type\":\"ListItem\",\"position\":4,\"name\":\"Publications and Lectures Laoutoumai\"}]},{\"@type\":\"WebSite\",\"@id\":\"https:\/\/www.litigation.rocks\/#website\",\"url\":\"https:\/\/www.litigation.rocks\/\",\"name\":\"L\u00f6ffel Abrar Blog\",\"description\":\"Start\",\"potentialAction\":[{\"@type\":\"SearchAction\",\"target\":{\"@type\":\"EntryPoint\",\"urlTemplate\":\"https:\/\/www.litigation.rocks\/?s={search_term_string}\"},\"query-input\":\"required name=search_term_string\"}],\"inLanguage\":\"en-US\"}]}<\/script>\n<!-- \/ Yoast SEO plugin. -->","yoast_head_json":{"title":"Publications and Lectures Laoutoumai - L\u00f6ffel Abrar Blog","robots":{"index":"index","follow":"follow","max-snippet":"max-snippet:-1","max-image-preview":"max-image-preview:large","max-video-preview":"max-video-preview:-1"},"canonical":"https:\/\/www.litigation.rocks\/en\/lawyers\/sebastian-laoutoumai\/list-of-publications\/","og_locale":"en_US","og_type":"article","og_title":"Publications and Lectures Laoutoumai - L\u00f6ffel Abrar Blog","og_description":"[vc_row css_animation=&#8221;&#8221; row_type=&#8221;row&#8221; use_row_as_full_screen_section=&#8221;no&#8221; type=&#8221;full_width&#8221; angled_section=&#8221;no&#8221; text_align=&#8221;right&#8221; background_image_as_pattern=&#8221;without_pattern&#8221; css=&#8221;.vc_custom_1469623949513{padding-bottom: 20px !important;}&#8221;][vc_column css=&#8221;.vc_custom_1469623957942{margin-right: 0px !important;padding-right: 0px !important;}&#8221;][\/vc_column][\/vc_row][vc_row css_animation=&#8221;&#8221; row_type=&#8221;row&#8221; use_row_as_full_screen_section=&#8221;no&#8221; type=&#8221;full_width&#8221; angled_section=&#8221;no&#8221; text_align=&#8221;left&#8221; background_image_as_pattern=&#8221;without_pattern&#8221; background_color=&#8221;#f7f7f7&#8243; css=&#8221;.vc_custom_1601894232727{margin-bottom: 30px !important;padding-top: 35px !important;padding-right: 25px !important;padding-bottom: 75px !important;padding-left: 25px !important;}&#8221;][vc_column][vc_column_text] LIST OF PUBLICATIONS AND LECTURES \u00bb Handbuch Social-Mediarecht \u2013 Kap....","og_url":"https:\/\/www.litigation.rocks\/en\/lawyers\/sebastian-laoutoumai\/list-of-publications\/","og_site_name":"L\u00f6ffel Abrar Blog","article_modified_time":"2023-11-17T16:33:40+00:00","twitter_card":"summary_large_image","twitter_misc":{"Est. reading time":"2 minutes"},"schema":{"@context":"https:\/\/schema.org","@graph":[{"@type":"WebPage","@id":"https:\/\/www.litigation.rocks\/en\/lawyers\/sebastian-laoutoumai\/list-of-publications\/","url":"https:\/\/www.litigation.rocks\/en\/lawyers\/sebastian-laoutoumai\/list-of-publications\/","name":"Publications and Lectures Laoutoumai - L\u00f6ffel Abrar Blog","isPartOf":{"@id":"https:\/\/www.litigation.rocks\/#website"},"datePublished":"2021-08-03T16:43:04+00:00","dateModified":"2023-11-17T16:33:40+00:00","breadcrumb":{"@id":"https:\/\/www.litigation.rocks\/en\/lawyers\/sebastian-laoutoumai\/list-of-publications\/#breadcrumb"},"inLanguage":"en-US","potentialAction":[{"@type":"ReadAction","target":["https:\/\/www.litigation.rocks\/en\/lawyers\/sebastian-laoutoumai\/list-of-publications\/"]}]},{"@type":"BreadcrumbList","@id":"https:\/\/www.litigation.rocks\/en\/lawyers\/sebastian-laoutoumai\/list-of-publications\/#breadcrumb","itemListElement":[{"@type":"ListItem","position":1,"name":"Startseite","item":"https:\/\/www.litigation.rocks\/en\/"},{"@type":"ListItem","position":2,"name":"Lawyers","item":"https:\/\/www.litigation.rocks\/en\/lawyers\/"},{"@type":"ListItem","position":3,"name":"Sebastian Laoutoumai","item":"https:\/\/www.litigation.rocks\/en\/lawyers\/sebastian-laoutoumai\/"},{"@type":"ListItem","position":4,"name":"Publications and Lectures Laoutoumai"}]},{"@type":"WebSite","@id":"https:\/\/www.litigation.rocks\/#website","url":"https:\/\/www.litigation.rocks\/","name":"L\u00f6ffel Abrar Blog","description":"Start","potentialAction":[{"@type":"SearchAction","target":{"@type":"EntryPoint","urlTemplate":"https:\/\/www.litigation.rocks\/?s={search_term_string}"},"query-input":"required name=search_term_string"}],"inLanguage":"en-US"}]}},"_links":{"self":[{"href":"https:\/\/www.litigation.rocks\/en\/wp-json\/wp\/v2\/pages\/2601","targetHints":{"allow":["GET"]}}],"collection":[{"href":"https:\/\/www.litigation.rocks\/en\/wp-json\/wp\/v2\/pages"}],"about":[{"href":"https:\/\/www.litigation.rocks\/en\/wp-json\/wp\/v2\/types\/page"}],"author":[{"embeddable":true,"href":"https:\/\/www.litigation.rocks\/en\/wp-json\/wp\/v2\/users\/3"}],"replies":[{"embeddable":true,"href":"https:\/\/www.litigation.rocks\/en\/wp-json\/wp\/v2\/comments?post=2601"}],"version-history":[{"count":8,"href":"https:\/\/www.litigation.rocks\/en\/wp-json\/wp\/v2\/pages\/2601\/revisions"}],"predecessor-version":[{"id":3147,"href":"https:\/\/www.litigation.rocks\/en\/wp-json\/wp\/v2\/pages\/2601\/revisions\/3147"}],"up":[{"embeddable":true,"href":"https:\/\/www.litigation.rocks\/en\/wp-json\/wp\/v2\/pages\/2463"}],"wp:attachment":[{"href":"https:\/\/www.litigation.rocks\/en\/wp-json\/wp\/v2\/media?parent=2601"}],"curies":[{"name":"wp","href":"https:\/\/api.w.org\/{rel}","templated":true}]}}